{"id":4514,"date":"2024-03-07T12:59:33","date_gmt":"2024-03-07T15:59:33","guid":{"rendered":"http:\/\/35.198.43.48\/?page_id=4514"},"modified":"2025-01-09T14:20:29","modified_gmt":"2025-01-09T17:20:29","slug":"quem-somos","status":"publish","type":"page","link":"https:\/\/www.4habitos.com.br\/?page_id=4514","title":{"rendered":"Quem somos &#8211; 07\/03\/2024"},"content":{"rendered":"\t\t<div data-elementor-type=\"wp-page\" data-elementor-id=\"4514\" class=\"elementor elementor-4514\">\n\t\t\t\t<div class=\"elementor-element elementor-element-0baea77 e-flex e-con-boxed e-con e-parent\" data-id=\"0baea77\" data-element_type=\"container\" data-e-type=\"container\">\n\t\t\t\t\t<div class=\"e-con-inner\">\n\t\t\t\t<div class=\"elementor-element elementor-element-6986f11 elementor-widget elementor-widget-heading\" data-id=\"6986f11\" data-element_type=\"widget\" data-e-type=\"widget\" data-widget_type=\"heading.default\">\n\t\t\t\t<div class=\"elementor-widget-container\">\n\t\t\t\t\t<h1 class=\"elementor-heading-title elementor-size-default\">Os 4 H\u00e1bitos<\/h1>\t\t\t\t<\/div>\n\t\t\t\t<\/div>\n\t\t\t\t<div class=\"elementor-element elementor-element-4345438 elementor-widget elementor-widget-image\" data-id=\"4345438\" data-element_type=\"widget\" data-e-type=\"widget\" data-widget_type=\"image.default\">\n\t\t\t\t<div class=\"elementor-widget-container\">\n\t\t\t\t\t\t\t\t\t\t\t\t\t\t\t<img fetchpriority=\"high\" decoding=\"async\" width=\"1160\" height=\"1600\" src=\"https:\/\/www.4habitos.com.br\/wp-content\/uploads\/2023\/06\/Frame-2.png\" class=\"attachment-full size-full wp-image-1982\" alt=\"\" srcset=\"https:\/\/www.4habitos.com.br\/wp-content\/uploads\/2023\/06\/Frame-2.png 1160w, https:\/\/www.4habitos.com.br\/wp-content\/uploads\/2023\/06\/Frame-2-218x300.png 218w, https:\/\/www.4habitos.com.br\/wp-content\/uploads\/2023\/06\/Frame-2-742x1024.png 742w, https:\/\/www.4habitos.com.br\/wp-content\/uploads\/2023\/06\/Frame-2-768x1059.png 768w, https:\/\/www.4habitos.com.br\/wp-content\/uploads\/2023\/06\/Frame-2-1114x1536.png 1114w\" sizes=\"(max-width: 1160px) 100vw, 1160px\" \/>\t\t\t\t\t\t\t\t\t\t\t\t\t\t\t<\/div>\n\t\t\t\t<\/div>\n\t\t\t\t\t<\/div>\n\t\t\t\t<\/div>\n\t\t<div class=\"elementor-element elementor-element-237f974 e-flex e-con-boxed e-con e-parent\" data-id=\"237f974\" data-element_type=\"container\" data-e-type=\"container\">\n\t\t\t\t\t<div class=\"e-con-inner\">\n\t\t\t\t<div class=\"elementor-element elementor-element-f052bc3 elementor-widget elementor-widget-text-editor\" data-id=\"f052bc3\" data-element_type=\"widget\" data-e-type=\"widget\" data-widget_type=\"text-editor.default\">\n\t\t\t\t<div class=\"elementor-widget-container\">\n\t\t\t\t\t\t\t\t\t<p><span style=\"font-weight: bolder; text-align: left;\">DESAFIO:<\/span><span style=\"text-align: left;\">&nbsp;Somos um ecossistema criado para ajudar empresas corporativas globais a&nbsp;enfrentar o desafio de tornar os seus neg\u00f3cios em Zero Aterro at\u00e9 2030, transformando o seu lixo em ouro atrav\u00e9s de solu\u00e7\u00f5es sustent\u00e1veis.<\/span><br><\/p>\t\t\t\t\t\t\t\t<\/div>\n\t\t\t\t<\/div>\n\t\t\t\t<div class=\"elementor-element elementor-element-1493621 elementor-widget elementor-widget-text-editor\" data-id=\"1493621\" data-element_type=\"widget\" data-e-type=\"widget\" data-widget_type=\"text-editor.default\">\n\t\t\t\t<div class=\"elementor-widget-container\">\n\t\t\t\t\t\t\t\t\t<p><strong>SOLU\u00c7\u00c3O:<\/strong>\u00a0Orquestramos a intera\u00e7\u00e3o entre as partes do ecossistema atrav\u00e9s da nossa plataforma para rastrear toda a cadeia de res\u00edduos usando a intelig\u00eancia artificial para evid\u00eancias e blockchain para certifica\u00e7\u00e3o e, futuramente tokeniza\u00e7\u00e3o.\u00a0<\/p>\t\t\t\t\t\t\t\t<\/div>\n\t\t\t\t<\/div>\n\t\t\t\t\t<\/div>\n\t\t\t\t<\/div>\n\t\t<div class=\"elementor-element elementor-element-fe42c1e e-flex e-con-boxed e-con e-parent\" data-id=\"fe42c1e\" data-element_type=\"container\" data-e-type=\"container\">\n\t\t\t\t\t<div class=\"e-con-inner\">\n\t\t\t\t<div class=\"elementor-element elementor-element-4853835 elementor-widget elementor-widget-heading\" data-id=\"4853835\" data-element_type=\"widget\" data-e-type=\"widget\" data-widget_type=\"heading.default\">\n\t\t\t\t<div class=\"elementor-widget-container\">\n\t\t\t\t\t<h2 class=\"elementor-heading-title elementor-size-default\">6 apaixonados pelo desenvolvimento infinito e cultura inclusiva<\/h2>\t\t\t\t<\/div>\n\t\t\t\t<\/div>\n\t\t\t\t<div class=\"elementor-element elementor-element-940dcea elementor-widget elementor-widget-image-carousel\" data-id=\"940dcea\" data-element_type=\"widget\" data-e-type=\"widget\" data-settings=\"{&quot;image_spacing_custom&quot;:{&quot;unit&quot;:&quot;px&quot;,&quot;size&quot;:-500,&quot;sizes&quot;:[]},&quot;navigation&quot;:&quot;none&quot;,&quot;autoplay_speed&quot;:3000,&quot;image_spacing_custom_tablet_extra&quot;:{&quot;unit&quot;:&quot;px&quot;,&quot;size&quot;:-400,&quot;sizes&quot;:[]},&quot;image_spacing_custom_tablet&quot;:{&quot;unit&quot;:&quot;px&quot;,&quot;size&quot;:-300,&quot;sizes&quot;:[]},&quot;image_spacing_custom_mobile&quot;:{&quot;unit&quot;:&quot;px&quot;,&quot;size&quot;:-100,&quot;sizes&quot;:[]},&quot;autoplay&quot;:&quot;yes&quot;,&quot;pause_on_hover&quot;:&quot;yes&quot;,&quot;pause_on_interaction&quot;:&quot;yes&quot;,&quot;infinite&quot;:&quot;yes&quot;,&quot;speed&quot;:500,&quot;image_spacing_custom_widescreen&quot;:{&quot;unit&quot;:&quot;px&quot;,&quot;size&quot;:&quot;&quot;,&quot;sizes&quot;:[]},&quot;image_spacing_custom_laptop&quot;:{&quot;unit&quot;:&quot;px&quot;,&quot;size&quot;:&quot;&quot;,&quot;sizes&quot;:[]}}\" data-widget_type=\"image-carousel.default\">\n\t\t\t\t<div class=\"elementor-widget-container\">\n\t\t\t\t\t\t\t<div class=\"elementor-image-carousel-wrapper swiper\" role=\"region\" aria-roledescription=\"carousel\" aria-label=\"Carrossel de imagens\" dir=\"ltr\">\n\t\t\t<div class=\"elementor-image-carousel swiper-wrapper\" aria-live=\"off\">\n\t\t\t\t\t\t\t\t<div class=\"swiper-slide\" role=\"group\" aria-roledescription=\"slide\" aria-label=\"1 de 6\"><figure class=\"swiper-slide-inner\"><img decoding=\"async\" class=\"swiper-slide-image\" src=\"https:\/\/www.4habitos.com.br\/wp-content\/uploads\/2023\/06\/Frame-4.png\" alt=\"Frame 4\" \/><\/figure><\/div><div class=\"swiper-slide\" role=\"group\" aria-roledescription=\"slide\" aria-label=\"2 de 6\"><figure class=\"swiper-slide-inner\"><img decoding=\"async\" class=\"swiper-slide-image\" src=\"https:\/\/www.4habitos.com.br\/wp-content\/uploads\/2023\/06\/Frame-5-2.png\" alt=\"Frame 5 (2)\" \/><\/figure><\/div><div class=\"swiper-slide\" role=\"group\" aria-roledescription=\"slide\" aria-label=\"3 de 6\"><figure class=\"swiper-slide-inner\"><img decoding=\"async\" class=\"swiper-slide-image\" src=\"https:\/\/www.4habitos.com.br\/wp-content\/uploads\/2023\/06\/Frame-6-1.png\" alt=\"Frame 6 (1)\" \/><\/figure><\/div><div class=\"swiper-slide\" role=\"group\" aria-roledescription=\"slide\" aria-label=\"4 de 6\"><figure class=\"swiper-slide-inner\"><img decoding=\"async\" class=\"swiper-slide-image\" src=\"https:\/\/www.4habitos.com.br\/wp-content\/uploads\/2023\/06\/Frame-6.png\" alt=\"Frame 6\" \/><\/figure><\/div><div class=\"swiper-slide\" role=\"group\" aria-roledescription=\"slide\" aria-label=\"5 de 6\"><figure class=\"swiper-slide-inner\"><img decoding=\"async\" class=\"swiper-slide-image\" src=\"https:\/\/www.4habitos.com.br\/wp-content\/uploads\/2023\/06\/Frame-4-1.png\" alt=\"Frame 4 (1)\" \/><\/figure><\/div><div class=\"swiper-slide\" role=\"group\" aria-roledescription=\"slide\" aria-label=\"6 de 6\"><figure class=\"swiper-slide-inner\"><img decoding=\"async\" class=\"swiper-slide-image\" src=\"https:\/\/www.4habitos.com.br\/wp-content\/uploads\/2023\/06\/Frame-8.png\" alt=\"Frame 8\" \/><\/figure><\/div>\t\t\t<\/div>\n\t\t\t\t\t\t\t\n\t\t\t\t\t\t\t\t\t<\/div>\n\t\t\t\t\t\t<\/div>\n\t\t\t\t<\/div>\n\t\t\t\t\t<\/div>\n\t\t\t\t<\/div>\n\t\t\t\t<\/div>\n\t\t","protected":false},"excerpt":{"rendered":"<p>Os 4 H\u00e1bitos DESAFIO:&nbsp;Somos um ecossistema criado para ajudar empresas corporativas globais a&nbsp;enfrentar o desafio de tornar os seus neg\u00f3cios em Zero Aterro at\u00e9 2030, transformando o seu lixo em ouro atrav\u00e9s de solu\u00e7\u00f5es sustent\u00e1veis. SOLU\u00c7\u00c3O:\u00a0Orquestramos a intera\u00e7\u00e3o entre as partes do ecossistema atrav\u00e9s da nossa plataforma para rastrear toda a cadeia de res\u00edduos usando [&hellip;]<\/p>\n","protected":false},"author":25,"featured_media":0,"parent":0,"menu_order":0,"comment_status":"closed","ping_status":"closed","template":"elementor_header_footer","meta":{"footnotes":""},"folder":[38],"class_list":["post-4514","page","type-page","status-publish","hentry"],"yoast_head":"<!-- This site is optimized with the Yoast SEO plugin v27.6 - https:\/\/yoast.com\/product\/yoast-seo-wordpress\/ -->\n<title>Quem somos - 4 H\u00e1bitos Para Mudar o Mundo<\/title>\n<meta name=\"description\" content=\"Conhe\u00e7a a hist\u00f3ria e a miss\u00e3o por tr\u00e1s do 4H\u00e1bitos. Descubra quem somos, o que nos motiva e como estamos comprometidos em ajud\u00e1-lo a alcan\u00e7ar seu potencial m\u00e1ximo. Saiba mais sobre nossa equipe apaixonada e os valores que impulsionam nosso trabalho. Junte-se a n\u00f3s nessa jornada de crescimento pessoal e profissional. Visite nosso site agora\" \/>\n<meta name=\"robots\" content=\"index, follow, max-snippet:-1, max-image-preview:large, max-video-preview:-1\" \/>\n<link rel=\"canonical\" href=\"https:\/\/www.4habitos.com.br\/?page_id=4514\" \/>\n<meta property=\"og:locale\" content=\"pt_BR\" \/>\n<meta property=\"og:type\" content=\"article\" \/>\n<meta property=\"og:title\" content=\"Quem somos - 4 H\u00e1bitos Para Mudar o Mundo\" \/>\n<meta property=\"og:description\" content=\"Conhe\u00e7a a hist\u00f3ria e a miss\u00e3o por tr\u00e1s do 4H\u00e1bitos. Descubra quem somos, o que nos motiva e como estamos comprometidos em ajud\u00e1-lo a alcan\u00e7ar seu potencial m\u00e1ximo. Saiba mais sobre nossa equipe apaixonada e os valores que impulsionam nosso trabalho. Junte-se a n\u00f3s nessa jornada de crescimento pessoal e profissional. Visite nosso site agora\" \/>\n<meta property=\"og:url\" content=\"https:\/\/www.4habitos.com.br\/?page_id=4514\" \/>\n<meta property=\"og:site_name\" content=\"4 H\u00e1bitos Para Mudar o Mundo\" \/>\n<meta property=\"article:modified_time\" content=\"2025-01-09T17:20:29+00:00\" \/>\n<meta property=\"og:image\" content=\"http:\/\/www.4habitos.com.br\/wp-content\/uploads\/2023\/06\/Frame-2.png\" \/>\n<meta name=\"twitter:card\" content=\"summary_large_image\" \/>\n<meta name=\"twitter:label1\" content=\"Est. tempo de leitura\" \/>\n\t<meta name=\"twitter:data1\" content=\"4 minutos\" \/>\n<script type=\"application\/ld+json\" class=\"yoast-schema-graph\">{\"@context\":\"https:\\\/\\\/schema.org\",\"@graph\":[{\"@type\":\"WebPage\",\"@id\":\"https:\\\/\\\/www.4habitos.com.br\\\/?page_id=4514\",\"url\":\"https:\\\/\\\/www.4habitos.com.br\\\/?page_id=4514\",\"name\":\"Quem somos - 4 H\u00e1bitos Para Mudar o Mundo\",\"isPartOf\":{\"@id\":\"https:\\\/\\\/www.4habitos.com.br\\\/#website\"},\"primaryImageOfPage\":{\"@id\":\"https:\\\/\\\/www.4habitos.com.br\\\/?page_id=4514#primaryimage\"},\"image\":{\"@id\":\"https:\\\/\\\/www.4habitos.com.br\\\/?page_id=4514#primaryimage\"},\"thumbnailUrl\":\"http:\\\/\\\/www.4habitos.com.br\\\/wp-content\\\/uploads\\\/2023\\\/06\\\/Frame-2.png\",\"datePublished\":\"2024-03-07T15:59:33+00:00\",\"dateModified\":\"2025-01-09T17:20:29+00:00\",\"description\":\"Conhe\u00e7a a hist\u00f3ria e a miss\u00e3o por tr\u00e1s do 4H\u00e1bitos. Descubra quem somos, o que nos motiva e como estamos comprometidos em ajud\u00e1-lo a alcan\u00e7ar seu potencial m\u00e1ximo. Saiba mais sobre nossa equipe apaixonada e os valores que impulsionam nosso trabalho. Junte-se a n\u00f3s nessa jornada de crescimento pessoal e profissional. Visite nosso site agora\",\"breadcrumb\":{\"@id\":\"https:\\\/\\\/www.4habitos.com.br\\\/?page_id=4514#breadcrumb\"},\"inLanguage\":\"pt-BR\",\"potentialAction\":[{\"@type\":\"ReadAction\",\"target\":[\"https:\\\/\\\/www.4habitos.com.br\\\/?page_id=4514\"]}]},{\"@type\":\"ImageObject\",\"inLanguage\":\"pt-BR\",\"@id\":\"https:\\\/\\\/www.4habitos.com.br\\\/?page_id=4514#primaryimage\",\"url\":\"https:\\\/\\\/www.4habitos.com.br\\\/wp-content\\\/uploads\\\/2023\\\/06\\\/Frame-2.png\",\"contentUrl\":\"https:\\\/\\\/www.4habitos.com.br\\\/wp-content\\\/uploads\\\/2023\\\/06\\\/Frame-2.png\",\"width\":1160,\"height\":1600},{\"@type\":\"BreadcrumbList\",\"@id\":\"https:\\\/\\\/www.4habitos.com.br\\\/?page_id=4514#breadcrumb\",\"itemListElement\":[{\"@type\":\"ListItem\",\"position\":1,\"name\":\"In\u00edcio\",\"item\":\"https:\\\/\\\/www.4habitos.com.br\\\/\"},{\"@type\":\"ListItem\",\"position\":2,\"name\":\"Quem somos &#8211; 07\\\/03\\\/2024\"}]},{\"@type\":\"WebSite\",\"@id\":\"https:\\\/\\\/www.4habitos.com.br\\\/#website\",\"url\":\"https:\\\/\\\/www.4habitos.com.br\\\/\",\"name\":\"4 H\u00e1bitos Para Mudar o Mundo\",\"description\":\"ESG | Gest\u00e3o de res\u00edduos sustent\u00e1vel.\",\"publisher\":{\"@id\":\"https:\\\/\\\/www.4habitos.com.br\\\/#organization\"},\"potentialAction\":[{\"@type\":\"SearchAction\",\"target\":{\"@type\":\"EntryPoint\",\"urlTemplate\":\"https:\\\/\\\/www.4habitos.com.br\\\/?s={search_term_string}\"},\"query-input\":{\"@type\":\"PropertyValueSpecification\",\"valueRequired\":true,\"valueName\":\"search_term_string\"}}],\"inLanguage\":\"pt-BR\"},{\"@type\":\"Organization\",\"@id\":\"https:\\\/\\\/www.4habitos.com.br\\\/#organization\",\"name\":\"4 H\u00e1bitos Para Mudar O Mundo\",\"url\":\"https:\\\/\\\/www.4habitos.com.br\\\/\",\"logo\":{\"@type\":\"ImageObject\",\"inLanguage\":\"pt-BR\",\"@id\":\"https:\\\/\\\/www.4habitos.com.br\\\/#\\\/schema\\\/logo\\\/image\\\/\",\"url\":\"https:\\\/\\\/i1.wp.com\\\/www.4habitos.com.br\\\/wp-content\\\/uploads\\\/2021\\\/06\\\/logo-colored.png?fit=432%2C213&ssl=1\",\"contentUrl\":\"https:\\\/\\\/i1.wp.com\\\/www.4habitos.com.br\\\/wp-content\\\/uploads\\\/2021\\\/06\\\/logo-colored.png?fit=432%2C213&ssl=1\",\"width\":432,\"height\":213,\"caption\":\"4 H\u00e1bitos Para Mudar O Mundo\"},\"image\":{\"@id\":\"https:\\\/\\\/www.4habitos.com.br\\\/#\\\/schema\\\/logo\\\/image\\\/\"}}]}<\/script>\n<!-- \/ Yoast SEO plugin. -->","yoast_head_json":{"title":"Quem somos - 4 H\u00e1bitos Para Mudar o Mundo","description":"Conhe\u00e7a a hist\u00f3ria e a miss\u00e3o por tr\u00e1s do 4H\u00e1bitos. Descubra quem somos, o que nos motiva e como estamos comprometidos em ajud\u00e1-lo a alcan\u00e7ar seu potencial m\u00e1ximo. Saiba mais sobre nossa equipe apaixonada e os valores que impulsionam nosso trabalho. Junte-se a n\u00f3s nessa jornada de crescimento pessoal e profissional. Visite nosso site agora","robots":{"index":"index","follow":"follow","max-snippet":"max-snippet:-1","max-image-preview":"max-image-preview:large","max-video-preview":"max-video-preview:-1"},"canonical":"https:\/\/www.4habitos.com.br\/?page_id=4514","og_locale":"pt_BR","og_type":"article","og_title":"Quem somos - 4 H\u00e1bitos Para Mudar o Mundo","og_description":"Conhe\u00e7a a hist\u00f3ria e a miss\u00e3o por tr\u00e1s do 4H\u00e1bitos. Descubra quem somos, o que nos motiva e como estamos comprometidos em ajud\u00e1-lo a alcan\u00e7ar seu potencial m\u00e1ximo. Saiba mais sobre nossa equipe apaixonada e os valores que impulsionam nosso trabalho. Junte-se a n\u00f3s nessa jornada de crescimento pessoal e profissional. Visite nosso site agora","og_url":"https:\/\/www.4habitos.com.br\/?page_id=4514","og_site_name":"4 H\u00e1bitos Para Mudar o Mundo","article_modified_time":"2025-01-09T17:20:29+00:00","og_image":[{"url":"http:\/\/www.4habitos.com.br\/wp-content\/uploads\/2023\/06\/Frame-2.png","type":"","width":"","height":""}],"twitter_card":"summary_large_image","twitter_misc":{"Est. tempo de leitura":"4 minutos"},"schema":{"@context":"https:\/\/schema.org","@graph":[{"@type":"WebPage","@id":"https:\/\/www.4habitos.com.br\/?page_id=4514","url":"https:\/\/www.4habitos.com.br\/?page_id=4514","name":"Quem somos - 4 H\u00e1bitos Para Mudar o Mundo","isPartOf":{"@id":"https:\/\/www.4habitos.com.br\/#website"},"primaryImageOfPage":{"@id":"https:\/\/www.4habitos.com.br\/?page_id=4514#primaryimage"},"image":{"@id":"https:\/\/www.4habitos.com.br\/?page_id=4514#primaryimage"},"thumbnailUrl":"http:\/\/www.4habitos.com.br\/wp-content\/uploads\/2023\/06\/Frame-2.png","datePublished":"2024-03-07T15:59:33+00:00","dateModified":"2025-01-09T17:20:29+00:00","description":"Conhe\u00e7a a hist\u00f3ria e a miss\u00e3o por tr\u00e1s do 4H\u00e1bitos. Descubra quem somos, o que nos motiva e como estamos comprometidos em ajud\u00e1-lo a alcan\u00e7ar seu potencial m\u00e1ximo. Saiba mais sobre nossa equipe apaixonada e os valores que impulsionam nosso trabalho. Junte-se a n\u00f3s nessa jornada de crescimento pessoal e profissional. Visite nosso site agora","breadcrumb":{"@id":"https:\/\/www.4habitos.com.br\/?page_id=4514#breadcrumb"},"inLanguage":"pt-BR","potentialAction":[{"@type":"ReadAction","target":["https:\/\/www.4habitos.com.br\/?page_id=4514"]}]},{"@type":"ImageObject","inLanguage":"pt-BR","@id":"https:\/\/www.4habitos.com.br\/?page_id=4514#primaryimage","url":"https:\/\/www.4habitos.com.br\/wp-content\/uploads\/2023\/06\/Frame-2.png","contentUrl":"https:\/\/www.4habitos.com.br\/wp-content\/uploads\/2023\/06\/Frame-2.png","width":1160,"height":1600},{"@type":"BreadcrumbList","@id":"https:\/\/www.4habitos.com.br\/?page_id=4514#breadcrumb","itemListElement":[{"@type":"ListItem","position":1,"name":"In\u00edcio","item":"https:\/\/www.4habitos.com.br\/"},{"@type":"ListItem","position":2,"name":"Quem somos &#8211; 07\/03\/2024"}]},{"@type":"WebSite","@id":"https:\/\/www.4habitos.com.br\/#website","url":"https:\/\/www.4habitos.com.br\/","name":"4 H\u00e1bitos Para Mudar o Mundo","description":"ESG | Gest\u00e3o de res\u00edduos sustent\u00e1vel.","publisher":{"@id":"https:\/\/www.4habitos.com.br\/#organization"},"potentialAction":[{"@type":"SearchAction","target":{"@type":"EntryPoint","urlTemplate":"https:\/\/www.4habitos.com.br\/?s={search_term_string}"},"query-input":{"@type":"PropertyValueSpecification","valueRequired":true,"valueName":"search_term_string"}}],"inLanguage":"pt-BR"},{"@type":"Organization","@id":"https:\/\/www.4habitos.com.br\/#organization","name":"4 H\u00e1bitos Para Mudar O Mundo","url":"https:\/\/www.4habitos.com.br\/","logo":{"@type":"ImageObject","inLanguage":"pt-BR","@id":"https:\/\/www.4habitos.com.br\/#\/schema\/logo\/image\/","url":"https:\/\/i1.wp.com\/www.4habitos.com.br\/wp-content\/uploads\/2021\/06\/logo-colored.png?fit=432%2C213&ssl=1","contentUrl":"https:\/\/i1.wp.com\/www.4habitos.com.br\/wp-content\/uploads\/2021\/06\/logo-colored.png?fit=432%2C213&ssl=1","width":432,"height":213,"caption":"4 H\u00e1bitos Para Mudar O Mundo"},"image":{"@id":"https:\/\/www.4habitos.com.br\/#\/schema\/logo\/image\/"}}]}},"jetpack-related-posts":[{"id":4579,"url":"https:\/\/www.4habitos.com.br\/?page_id=4579","url_meta":{"origin":4514,"position":0},"title":"Blog 09\/01\/25","author":"Graziela Gomes","date":"27 de mar\u00e7o de 2024","format":false,"excerpt":"Blog Reconstruindo a Confian\u00e7a nos Relat\u00f3rios Anuais de Sustentabilidade Corporativa: Desafios e Solu\u00e7\u00f5es Reconstruindo a Confian\u00e7a nos Relat\u00f3rios Anuais de Sustentabilidade Corporativa: Desafios e Solu\u00e7\u00f5es Graziela Gomes \u2022 28 de fevereiro de 2024 Reconstruindo a Confian\u00e7a nos Relat\u00f3rios Anuais de Sustentabilidade Corporativa: Desafios e Solu\u00e7\u00f5es Nos \u00faltimos anos, a confian\u00e7a\u2026","rel":"","context":"Post similar","block_context":{"text":"Post similar","link":""},"img":{"alt_text":"","src":"https:\/\/i0.wp.com\/www.4habitos.com.br\/wp-content\/uploads\/2024\/02\/1-3-768x432.png?resize=350%2C200","width":350,"height":200,"srcset":"https:\/\/i0.wp.com\/www.4habitos.com.br\/wp-content\/uploads\/2024\/02\/1-3-768x432.png?resize=350%2C200 1x, https:\/\/i0.wp.com\/www.4habitos.com.br\/wp-content\/uploads\/2024\/02\/1-3-768x432.png?resize=525%2C300 1.5x, https:\/\/i0.wp.com\/www.4habitos.com.br\/wp-content\/uploads\/2024\/02\/1-3-768x432.png?resize=700%2C400 2x"},"classes":[]},{"id":3972,"url":"https:\/\/www.4habitos.com.br\/?page_id=3972","url_meta":{"origin":4514,"position":1},"title":"Podcast &#8211; 25\/03\/2024","author":"Graziela Gomes","date":"6 de dezembro de 2023","format":false,"excerpt":"Conhe\u00e7a nosso podcast sobre sustentabilidade e inova\u00e7\u00e3o Ou\u00e7a agora Novos epis\u00f3dios a cada 15 dias Esse podcast \u00e9 uma verdadeira fonte de conhecimento e inova\u00e7\u00e3o, trazendo especialistas de \u00e1reas como sustentabilidade, tecnologia, finan\u00e7as e governan\u00e7a. Um projeto dedicados a todos que est\u00e3o engajados com as quest\u00f5es ESG no mercado corporativo.Vamos\u2026","rel":"","context":"Post similar","block_context":{"text":"Post similar","link":""},"img":{"alt_text":"","src":"https:\/\/i0.wp.com\/www.4habitos.com.br\/wp-content\/uploads\/2023\/12\/Logo-Podcast-balao-1.png?resize=350%2C200","width":350,"height":200},"classes":[]},{"id":3775,"url":"https:\/\/www.4habitos.com.br\/?page_id=3775","url_meta":{"origin":4514,"position":2},"title":"LandingPageCurso","author":"S\u00f3stenis Vin\u00edcius","date":"24 de outubro de 2023","format":false,"excerpt":"Curso Online Transformando Empresascom Sustentabilidade: Gest\u00e3o de Res\u00edduos Zero Aterro Em um mundo onde a natureza clama por prote\u00e7\u00e3o e nosso planeta exige a\u00e7\u00e3o, convidamos voc\u00ea, profissional da \u00e1rea ambiental, a se unir a uma miss\u00e3o \u00fanica: transformar sua empresa em um verdadeiro guardi\u00e3o da sustentabilidade. Neste convite, demonstraremos como\u2026","rel":"","context":"Post similar","block_context":{"text":"Post similar","link":""},"img":{"alt_text":"","src":"https:\/\/i0.wp.com\/www.4habitos.com.br\/wp-content\/uploads\/2023\/10\/Inserir-um-titulo-1.png?resize=350%2C200","width":350,"height":200},"classes":[]}],"jetpack_sharing_enabled":true,"_links":{"self":[{"href":"https:\/\/www.4habitos.com.br\/index.php?rest_route=\/wp\/v2\/pages\/4514","targetHints":{"allow":["GET"]}}],"collection":[{"href":"https:\/\/www.4habitos.com.br\/index.php?rest_route=\/wp\/v2\/pages"}],"about":[{"href":"https:\/\/www.4habitos.com.br\/index.php?rest_route=\/wp\/v2\/types\/page"}],"author":[{"embeddable":true,"href":"https:\/\/www.4habitos.com.br\/index.php?rest_route=\/wp\/v2\/users\/25"}],"replies":[{"embeddable":true,"href":"https:\/\/www.4habitos.com.br\/index.php?rest_route=%2Fwp%2Fv2%2Fcomments&post=4514"}],"version-history":[{"count":20,"href":"https:\/\/www.4habitos.com.br\/index.php?rest_route=\/wp\/v2\/pages\/4514\/revisions"}],"predecessor-version":[{"id":5232,"href":"https:\/\/www.4habitos.com.br\/index.php?rest_route=\/wp\/v2\/pages\/4514\/revisions\/5232"}],"wp:attachment":[{"href":"https:\/\/www.4habitos.com.br\/index.php?rest_route=%2Fwp%2Fv2%2Fmedia&parent=4514"}],"wp:term":[{"taxonomy":"folder","embeddable":true,"href":"https:\/\/www.4habitos.com.br\/index.php?rest_route=%2Fwp%2Fv2%2Ffolder&post=4514"}],"curies":[{"name":"wp","href":"https:\/\/api.w.org\/{rel}","templated":true}]}}